{"id":21527,"date":"2024-11-20T10:29:08","date_gmt":"2024-11-20T10:29:08","guid":{"rendered":"https:\/\/csserverspace.com\/?page_id=21527"},"modified":"2025-03-06T07:21:44","modified_gmt":"2025-03-06T07:21:44","slug":"demo-talep-edin","status":"publish","type":"page","link":"https:\/\/csserverspace.com\/en\/demo-talep-edin\/","title":{"rendered":"Request a Demo: Experience ConiaSoft&#8217;s Hosting Solutions Firsthand"},"content":{"rendered":"<div data-elementor-type=\"wp-page\" data-elementor-id=\"21527\" class=\"elementor elementor-21527\" data-elementor-post-type=\"page\">\n\t\t\t\t\t\t<section class=\"elementor-section elementor-top-section elementor-element elementor-element-ca03c30 elementor-section-boxed elementor-section-height-default elementor-section-height-default\" data-id=\"ca03c30\" data-element_type=\"section\" data-settings=\"{&quot;background_background&quot;:&quot;classic&quot;}\">\n\t\t\t\t\t\t<div class=\"elementor-container elementor-column-gap-default\">\n\t\t\t\t\t<div class=\"elementor-column elementor-col-100 elementor-top-column elementor-element elementor-element-0278928\" data-id=\"0278928\" data-element_type=\"column\">\n\t\t\t<div class=\"elementor-widget-wrap elementor-element-populated\">\n\t\t\t\t\t\t<section class=\"elementor-section elementor-inner-section elementor-element elementor-element-e605f6c elementor-section-boxed elementor-section-height-default elementor-section-height-default\" data-id=\"e605f6c\" data-element_type=\"section\">\n\t\t\t\t\t\t<div class=\"elementor-container elementor-column-gap-default\">\n\t\t\t\t\t<div class=\"elementor-column elementor-col-50 elementor-inner-column elementor-element elementor-element-e9708df\" data-id=\"e9708df\" data-element_type=\"column\">\n\t\t\t<div class=\"elementor-widget-wrap elementor-element-populated\">\n\t\t\t\t\t\t<div class=\"elementor-element elementor-element-cb16db4 elementor-widget elementor-widget-image\" data-id=\"cb16db4\" data-element_type=\"widget\" data-widget_type=\"image.default\">\n\t\t\t\t<div class=\"elementor-widget-container\">\n\t\t\t\t\t\t\t\t\t\t\t\t\t<img fetchpriority=\"high\" decoding=\"async\" width=\"940\" height=\"940\" src=\"https:\/\/csserverspace.com\/wp-content\/uploads\/2024\/11\/Web--1024x1024.png\" class=\"attachment-large size-large wp-image-21598\" alt=\"\" srcset=\"https:\/\/csserverspace.com\/wp-content\/uploads\/2024\/11\/Web--1024x1024.png 1024w, https:\/\/csserverspace.com\/wp-content\/uploads\/2024\/11\/Web--300x300.png 300w, https:\/\/csserverspace.com\/wp-content\/uploads\/2024\/11\/Web--150x150.png 150w, https:\/\/csserverspace.com\/wp-content\/uploads\/2024\/11\/Web--768x768.png 768w, https:\/\/csserverspace.com\/wp-content\/uploads\/2024\/11\/Web--1536x1536.png 1536w, https:\/\/csserverspace.com\/wp-content\/uploads\/2024\/11\/Web--12x12.png 12w, https:\/\/csserverspace.com\/wp-content\/uploads\/2024\/11\/Web--480x480.png 480w, https:\/\/csserverspace.com\/wp-content\/uploads\/2024\/11\/Web--800x800.png 800w, https:\/\/csserverspace.com\/wp-content\/uploads\/2024\/11\/Web--1200x1200.png 1200w, https:\/\/csserverspace.com\/wp-content\/uploads\/2024\/11\/Web--400x400.png 400w, https:\/\/csserverspace.com\/wp-content\/uploads\/2024\/11\/Web--50x50.png 50w, https:\/\/csserverspace.com\/wp-content\/uploads\/2024\/11\/Web--100x100.png 100w\" sizes=\"(max-width: 940px) 100vw, 940px\" title=\"Web\" \/>\t\t\t\t\t\t\t\t\t\t\t\t\t<\/div>\n\t\t\t\t<\/div>\n\t\t\t\t\t<\/div>\n\t\t<\/div>\n\t\t\t\t<div class=\"elementor-column elementor-col-50 elementor-inner-column elementor-element elementor-element-40ad457\" data-id=\"40ad457\" data-element_type=\"column\">\n\t\t\t<div class=\"elementor-widget-wrap elementor-element-populated\">\n\t\t\t\t\t\t<div class=\"elementor-element elementor-element-917b712 elementor-widget elementor-widget-heading\" data-id=\"917b712\" data-element_type=\"widget\" data-widget_type=\"heading.default\">\n\t\t\t\t<div class=\"elementor-widget-container\">\n\t\t\t<h2 class=\"elementor-heading-title elementor-size-default\">Request Demo Form<\/h2>\t\t<\/div>\n\t\t\t\t<\/div>\n\t\t\t\t<div class=\"elementor-element elementor-element-c83296e hello_demo elementor-widget elementor-widget-shortcode\" data-id=\"c83296e\" data-element_type=\"widget\" data-widget_type=\"shortcode.default\">\n\t\t\t\t<div class=\"elementor-widget-container\">\n\t\t\t\t\t<div class=\"elementor-shortcode\">\n<div class=\"wpcf7 no-js\" id=\"wpcf7-f21585-o1\" lang=\"en-US\" dir=\"ltr\">\n<div class=\"screen-reader-response\"><p role=\"status\" aria-live=\"polite\" aria-atomic=\"true\"><\/p> <ul><\/ul><\/div>\n<form action=\"\/en\/wp-json\/wp\/v2\/pages\/21527#wpcf7-f21585-o1\" method=\"post\" class=\"wpcf7-form init\" aria-label=\"Contact form\" novalidate=\"novalidate\" data-status=\"init\" data-trp-original-action=\"\/en\/wp-json\/wp\/v2\/pages\/21527#wpcf7-f21585-o1\">\n<div style=\"display: none;\">\n<input type=\"hidden\" name=\"_wpcf7\" value=\"21585\" \/>\n<input type=\"hidden\" name=\"_wpcf7_version\" value=\"5.9.4\" \/>\n<input type=\"hidden\" name=\"_wpcf7_locale\" value=\"en_US\" \/>\n<input type=\"hidden\" name=\"_wpcf7_unit_tag\" value=\"wpcf7-f21585-o1\" \/>\n<input type=\"hidden\" name=\"_wpcf7_container_post\" value=\"0\" \/>\n<input type=\"hidden\" name=\"_wpcf7_posted_data_hash\" value=\"\" \/>\n<input type=\"hidden\" name=\"_wpcf7_recaptcha_response\" value=\"\" \/>\n<\/div>\n<p><label> Email Address*<br \/>\n<span class=\"wpcf7-form-control-wrap\" data-name=\"EmailAdresiniz\"><input size=\"40\" class=\"wpcf7-form-control wpcf7-email wpcf7-validates-as-required wpcf7-text wpcf7-validates-as-email\" aria-required=\"true\" aria-invalid=\"false\" placeholder=\"Email Address\" value=\"\" type=\"email\" name=\"EmailAdresiniz\" \/><\/span><br \/>\n<\/label><br \/>\n<label> Name*<br \/>\n<span class=\"wpcf7-form-control-wrap\" data-name=\"AdnzSoyadnz\"><input size=\"40\" class=\"wpcf7-form-control wpcf7-text wpcf7-validates-as-required\" aria-required=\"true\" aria-invalid=\"false\" placeholder=\"Ad\u0131n\u0131z Soyad\u0131n\u0131z\" value=\"\" type=\"text\" name=\"AdnzSoyadnz\" \/><\/span><br \/>\n<\/label><br \/>\n<label> Company Name<br \/>\n<span class=\"wpcf7-form-control-wrap\" data-name=\"FirmaAd\"><input size=\"40\" class=\"wpcf7-form-control wpcf7-text wpcf7-validates-as-required\" aria-required=\"true\" aria-invalid=\"false\" placeholder=\"Company Name\" value=\"\" type=\"text\" name=\"FirmaAd\" \/><\/span><br \/>\n<\/label><br \/>\n<label>Phone No*<br \/>\n<span class=\"wpcf7-form-control-wrap\" data-name=\"number-233\"><input class=\"wpcf7-form-control wpcf7-number wpcf7-validates-as-number\" aria-invalid=\"false\" placeholder=\"Telefon No\" value=\"\" type=\"number\" name=\"number-233\" \/><\/span><br \/>\n<\/label><br \/>\n<label> Message<br \/>\n<span class=\"wpcf7-form-control-wrap\" data-name=\"textarea-785\"><textarea cols=\"40\" rows=\"10\" class=\"wpcf7-form-control wpcf7-textarea\" aria-invalid=\"false\" placeholder=\"Write your message..\" name=\"textarea-785\"><\/textarea><\/span><br \/>\n<\/label>\n<\/p>\n<p><input class=\"wpcf7-form-control wpcf7-submit has-spinner\" type=\"submit\" value=\"Request a Demo\" \/>\n<\/p><div class=\"wpcf7-response-output\" aria-hidden=\"true\"><\/div>\n<input type=\"hidden\" name=\"trp-form-language\" value=\"en\"\/><\/form>\n<\/div>\n<\/div>\n\t\t\t\t<\/div>\n\t\t\t\t<\/div>\n\t\t\t\t\t<\/div>\n\t\t<\/div>\n\t\t\t\t\t<\/div>\n\t\t<\/section>\n\t\t\t\t\t<\/div>\n\t\t<\/div>\n\t\t\t\t\t<\/div>\n\t\t<\/section>\n\t\t\t\t<\/div>","protected":false},"excerpt":{"rendered":"<p>Request Demo Form<\/p>","protected":false},"author":1,"featured_media":0,"parent":0,"menu_order":0,"comment_status":"closed","ping_status":"closed","template":"","meta":{"_monsterinsights_skip_tracking":false,"_monsterinsights_sitenote_active":false,"_monsterinsights_sitenote_note":"","_monsterinsights_sitenote_category":0,"footnotes":""},"class_list":["post-21527","page","type-page","status-publish","hentry"],"yoast_head":"<!-- This site is optimized with the Yoast SEO plugin v24.0 - https:\/\/yoast.com\/wordpress\/plugins\/seo\/ -->\n<title>Request a Demo: Experience ConiaSoft&#039;s Hosting Solutions Firsthand - CSServerSpace<\/title>\n<meta name=\"description\" content=\"Request a demo of ConiaSoft Server Space\u2019s products and experience their capabilities firsthand.\" \/>\n<meta name=\"robots\" content=\"index, follow, max-snippet:-1, max-image-preview:large, max-video-preview:-1\" \/>\n<link rel=\"canonical\" href=\"http:\/\/csserverspace.com\/en\/demo-talep-edin\/\" \/>\n<meta property=\"og:locale\" content=\"en_US\" \/>\n<meta property=\"og:type\" content=\"article\" \/>\n<meta property=\"og:title\" content=\"Request a Demo: Experience ConiaSoft&#039;s Hosting Solutions Firsthand - CSServerSpace\" \/>\n<meta property=\"og:description\" content=\"Request a demo of ConiaSoft Server Space\u2019s products and experience their capabilities firsthand.\" \/>\n<meta property=\"og:url\" content=\"http:\/\/csserverspace.com\/en\/demo-talep-edin\/\" \/>\n<meta property=\"og:site_name\" content=\"CSServerSpace\" \/>\n<meta property=\"article:modified_time\" content=\"2025-03-06T07:21:44+00:00\" \/>\n<meta property=\"og:image\" content=\"http:\/\/csserverspace.com\/wp-content\/uploads\/2024\/11\/Web--1024x1024.png\" \/>\n<meta name=\"twitter:card\" content=\"summary_large_image\" \/>\n<meta name=\"twitter:label1\" content=\"Est. reading time\" \/>\n\t<meta name=\"twitter:data1\" content=\"1 minute\" \/>\n<script type=\"application\/ld+json\" class=\"yoast-schema-graph\">{\"@context\":\"https:\/\/schema.org\",\"@graph\":[{\"@type\":\"WebPage\",\"@id\":\"http:\/\/csserverspace.com\/en\/demo-talep-edin\/\",\"url\":\"http:\/\/csserverspace.com\/en\/demo-talep-edin\/\",\"name\":\"Request a Demo: Experience ConiaSoft's Hosting Solutions Firsthand - CSServerSpace\",\"isPartOf\":{\"@id\":\"https:\/\/csserverspace.com\/en\/#website\"},\"primaryImageOfPage\":{\"@id\":\"http:\/\/csserverspace.com\/en\/demo-talep-edin\/#primaryimage\"},\"image\":{\"@id\":\"http:\/\/csserverspace.com\/en\/demo-talep-edin\/#primaryimage\"},\"thumbnailUrl\":\"http:\/\/csserverspace.com\/wp-content\/uploads\/2024\/11\/Web--1024x1024.png\",\"datePublished\":\"2024-11-20T10:29:08+00:00\",\"dateModified\":\"2025-03-06T07:21:44+00:00\",\"description\":\"Request a demo of ConiaSoft Server Space\u2019s products and experience their capabilities firsthand.\",\"breadcrumb\":{\"@id\":\"http:\/\/csserverspace.com\/en\/demo-talep-edin\/#breadcrumb\"},\"inLanguage\":\"en-US\",\"potentialAction\":[{\"@type\":\"ReadAction\",\"target\":[\"http:\/\/csserverspace.com\/en\/demo-talep-edin\/\"]}]},{\"@type\":\"ImageObject\",\"inLanguage\":\"en-US\",\"@id\":\"http:\/\/csserverspace.com\/en\/demo-talep-edin\/#primaryimage\",\"url\":\"http:\/\/csserverspace.com\/wp-content\/uploads\/2024\/11\/Web--1024x1024.png\",\"contentUrl\":\"http:\/\/csserverspace.com\/wp-content\/uploads\/2024\/11\/Web--1024x1024.png\"},{\"@type\":\"BreadcrumbList\",\"@id\":\"http:\/\/csserverspace.com\/en\/demo-talep-edin\/#breadcrumb\",\"itemListElement\":[{\"@type\":\"ListItem\",\"position\":1,\"name\":\"Home\",\"item\":\"https:\/\/csserverspace.com\/en\/\"},{\"@type\":\"ListItem\",\"position\":2,\"name\":\"Request a Demo: Experience ConiaSoft&#8217;s Hosting Solutions Firsthand\"}]},{\"@type\":\"WebSite\",\"@id\":\"https:\/\/csserverspace.com\/en\/#website\",\"url\":\"https:\/\/csserverspace.com\/en\/\",\"name\":\"CSServerSpace\",\"description\":\"ConiaSoft Server Space:  Experience the confidence that comes with our reliable server solutions. Security First, Innovation Always. Delivering Peace of Mind.\",\"publisher\":{\"@id\":\"https:\/\/csserverspace.com\/en\/#organization\"},\"potentialAction\":[{\"@type\":\"SearchAction\",\"target\":{\"@type\":\"EntryPoint\",\"urlTemplate\":\"https:\/\/csserverspace.com\/en\/?s={search_term_string}\"},\"query-input\":{\"@type\":\"PropertyValueSpecification\",\"valueRequired\":true,\"valueName\":\"search_term_string\"}}],\"inLanguage\":\"en-US\"},{\"@type\":\"Organization\",\"@id\":\"https:\/\/csserverspace.com\/en\/#organization\",\"name\":\"CSServerSpace\",\"url\":\"https:\/\/csserverspace.com\/en\/\",\"logo\":{\"@type\":\"ImageObject\",\"inLanguage\":\"en-US\",\"@id\":\"https:\/\/csserverspace.com\/en\/#\/schema\/logo\/image\/\",\"url\":\"https:\/\/csserverspace.comdemo\/wp-content\/uploads\/2021\/04\/conia-2-1.png\",\"contentUrl\":\"https:\/\/csserverspace.comdemo\/wp-content\/uploads\/2021\/04\/conia-2-1.png\",\"width\":5243,\"height\":1200,\"caption\":\"CSServerSpace\"},\"image\":{\"@id\":\"https:\/\/csserverspace.com\/en\/#\/schema\/logo\/image\/\"}}]}<\/script>\n<!-- \/ Yoast SEO plugin. -->","yoast_head_json":{"title":"Request a Demo: Experience ConiaSoft's Hosting Solutions Firsthand - CSServerSpace","description":"Request a demo of ConiaSoft Server Space\u2019s products and experience their capabilities firsthand.","robots":{"index":"index","follow":"follow","max-snippet":"max-snippet:-1","max-image-preview":"max-image-preview:large","max-video-preview":"max-video-preview:-1"},"canonical":"http:\/\/csserverspace.com\/en\/demo-talep-edin\/","og_locale":"en_US","og_type":"article","og_title":"Request a Demo: Experience ConiaSoft's Hosting Solutions Firsthand - CSServerSpace","og_description":"Request a demo of ConiaSoft Server Space\u2019s products and experience their capabilities firsthand.","og_url":"http:\/\/csserverspace.com\/en\/demo-talep-edin\/","og_site_name":"CSServerSpace","article_modified_time":"2025-03-06T07:21:44+00:00","og_image":[{"url":"http:\/\/csserverspace.com\/wp-content\/uploads\/2024\/11\/Web--1024x1024.png","type":"","width":"","height":""}],"twitter_card":"summary_large_image","twitter_misc":{"Est. reading time":"1 minute"},"schema":{"@context":"https:\/\/schema.org","@graph":[{"@type":"WebPage","@id":"http:\/\/csserverspace.com\/en\/demo-talep-edin\/","url":"http:\/\/csserverspace.com\/en\/demo-talep-edin\/","name":"Request a Demo: Experience ConiaSoft's Hosting Solutions Firsthand - CSServerSpace","isPartOf":{"@id":"https:\/\/csserverspace.com\/en\/#website"},"primaryImageOfPage":{"@id":"http:\/\/csserverspace.com\/en\/demo-talep-edin\/#primaryimage"},"image":{"@id":"http:\/\/csserverspace.com\/en\/demo-talep-edin\/#primaryimage"},"thumbnailUrl":"http:\/\/csserverspace.com\/wp-content\/uploads\/2024\/11\/Web--1024x1024.png","datePublished":"2024-11-20T10:29:08+00:00","dateModified":"2025-03-06T07:21:44+00:00","description":"Request a demo of ConiaSoft Server Space\u2019s products and experience their capabilities firsthand.","breadcrumb":{"@id":"http:\/\/csserverspace.com\/en\/demo-talep-edin\/#breadcrumb"},"inLanguage":"en-US","potentialAction":[{"@type":"ReadAction","target":["http:\/\/csserverspace.com\/en\/demo-talep-edin\/"]}]},{"@type":"ImageObject","inLanguage":"en-US","@id":"http:\/\/csserverspace.com\/en\/demo-talep-edin\/#primaryimage","url":"http:\/\/csserverspace.com\/wp-content\/uploads\/2024\/11\/Web--1024x1024.png","contentUrl":"http:\/\/csserverspace.com\/wp-content\/uploads\/2024\/11\/Web--1024x1024.png"},{"@type":"BreadcrumbList","@id":"http:\/\/csserverspace.com\/en\/demo-talep-edin\/#breadcrumb","itemListElement":[{"@type":"ListItem","position":1,"name":"Home","item":"https:\/\/csserverspace.com\/en\/"},{"@type":"ListItem","position":2,"name":"Request a Demo: Experience ConiaSoft&#8217;s Hosting Solutions Firsthand"}]},{"@type":"WebSite","@id":"https:\/\/csserverspace.com\/en\/#website","url":"https:\/\/csserverspace.com\/en\/","name":"CSServerSpace","description":"ConiaSoft Server Space:  Experience the confidence that comes with our reliable server solutions. Security First, Innovation Always. Delivering Peace of Mind.","publisher":{"@id":"https:\/\/csserverspace.com\/en\/#organization"},"potentialAction":[{"@type":"SearchAction","target":{"@type":"EntryPoint","urlTemplate":"https:\/\/csserverspace.com\/en\/?s={search_term_string}"},"query-input":{"@type":"PropertyValueSpecification","valueRequired":true,"valueName":"search_term_string"}}],"inLanguage":"en-US"},{"@type":"Organization","@id":"https:\/\/csserverspace.com\/en\/#organization","name":"CSServerSpace","url":"https:\/\/csserverspace.com\/en\/","logo":{"@type":"ImageObject","inLanguage":"en-US","@id":"https:\/\/csserverspace.com\/en\/#\/schema\/logo\/image\/","url":"https:\/\/csserverspace.comdemo\/wp-content\/uploads\/2021\/04\/conia-2-1.png","contentUrl":"https:\/\/csserverspace.comdemo\/wp-content\/uploads\/2021\/04\/conia-2-1.png","width":5243,"height":1200,"caption":"CSServerSpace"},"image":{"@id":"https:\/\/csserverspace.com\/en\/#\/schema\/logo\/image\/"}}]}},"_links":{"self":[{"href":"https:\/\/csserverspace.com\/en\/wp-json\/wp\/v2\/pages\/21527","targetHints":{"allow":["GET"]}}],"collection":[{"href":"https:\/\/csserverspace.com\/en\/wp-json\/wp\/v2\/pages"}],"about":[{"href":"https:\/\/csserverspace.com\/en\/wp-json\/wp\/v2\/types\/page"}],"author":[{"embeddable":true,"href":"https:\/\/csserverspace.com\/en\/wp-json\/wp\/v2\/users\/1"}],"replies":[{"embeddable":true,"href":"https:\/\/csserverspace.com\/en\/wp-json\/wp\/v2\/comments?post=21527"}],"version-history":[{"count":42,"href":"https:\/\/csserverspace.com\/en\/wp-json\/wp\/v2\/pages\/21527\/revisions"}],"predecessor-version":[{"id":21875,"href":"https:\/\/csserverspace.com\/en\/wp-json\/wp\/v2\/pages\/21527\/revisions\/21875"}],"wp:attachment":[{"href":"https:\/\/csserverspace.com\/en\/wp-json\/wp\/v2\/media?parent=21527"}],"curies":[{"name":"wp","href":"https:\/\/api.w.org\/{rel}","templated":true}]}}