{"id":20394,"date":"2024-03-05T13:29:48","date_gmt":"2024-03-05T13:29:48","guid":{"rendered":"https:\/\/csserverspace.com?post_type=product&#038;p=20394"},"modified":"2024-03-05T13:29:49","modified_gmt":"2024-03-05T13:29:49","slug":"autocad-temel-egitimi-autocad-temel-egitimi-ogrenciler","status":"publish","type":"product","link":"http:\/\/csserverspace.com\/en\/product\/autocad-temel-egitimi-autocad-temel-egitimi-ogrenciler\/","title":{"rendered":"AUTOCAD BASIC TRAINING AUTOCAD BASIC TRAINING (STUDENTS)"},"content":{"rendered":"","protected":false},"excerpt":{"rendered":"","protected":false},"featured_media":20366,"template":"","meta":{"_monsterinsights_skip_tracking":false,"_monsterinsights_sitenote_active":false,"_monsterinsights_sitenote_note":"","_monsterinsights_sitenote_category":0},"product_cat":[62],"product_tag":[],"class_list":{"0":"post-20394","1":"product","2":"type-product","3":"status-publish","4":"has-post-thumbnail","6":"product_cat-course","8":"first","9":"instock","10":"taxable","11":"shipping-taxable","12":"product-type-simple","13":"add-to-wishlist-after_add_to_cart"},"yoast_head":"<!-- This site is optimized with the Yoast SEO plugin v24.0 - https:\/\/yoast.com\/wordpress\/plugins\/seo\/ -->\n<title>AUTOCAD TEMEL E\u011e\u0130T\u0130M\u0130 AUTOCAD TEMEL E\u011e\u0130T\u0130M\u0130 (\u00d6\u011eRENC\u0130LER) - CSServerSpace<\/title>\n<meta name=\"robots\" content=\"index, follow, max-snippet:-1, max-image-preview:large, max-video-preview:-1\" \/>\n<link rel=\"canonical\" href=\"http:\/\/csserverspace.com\/en\/product\/autocad-temel-egitimi-autocad-temel-egitimi-ogrenciler\/\" \/>\n<meta property=\"og:locale\" content=\"en_US\" \/>\n<meta property=\"og:type\" content=\"article\" \/>\n<meta property=\"og:title\" content=\"AUTOCAD TEMEL E\u011e\u0130T\u0130M\u0130 AUTOCAD TEMEL E\u011e\u0130T\u0130M\u0130 (\u00d6\u011eRENC\u0130LER) - CSServerSpace\" \/>\n<meta property=\"og:url\" content=\"http:\/\/csserverspace.com\/en\/product\/autocad-temel-egitimi-autocad-temel-egitimi-ogrenciler\/\" \/>\n<meta property=\"og:site_name\" content=\"CSServerSpace\" \/>\n<meta property=\"article:modified_time\" content=\"2024-03-05T13:29:49+00:00\" \/>\n<meta property=\"og:image\" content=\"http:\/\/csserverspace.com\/wp-content\/uploads\/2024\/03\/AUTOCAD-Basics-Training1.png\" \/>\n\t<meta property=\"og:image:width\" content=\"2000\" \/>\n\t<meta property=\"og:image:height\" content=\"2000\" \/>\n\t<meta property=\"og:image:type\" content=\"image\/png\" \/>\n<meta name=\"twitter:card\" content=\"summary_large_image\" \/>\n<script type=\"application\/ld+json\" class=\"yoast-schema-graph\">{\"@context\":\"https:\/\/schema.org\",\"@graph\":[{\"@type\":\"WebPage\",\"@id\":\"http:\/\/csserverspace.com\/en\/product\/autocad-temel-egitimi-autocad-temel-egitimi-ogrenciler\/\",\"url\":\"http:\/\/csserverspace.com\/en\/product\/autocad-temel-egitimi-autocad-temel-egitimi-ogrenciler\/\",\"name\":\"AUTOCAD TEMEL E\u011e\u0130T\u0130M\u0130 AUTOCAD TEMEL E\u011e\u0130T\u0130M\u0130 (\u00d6\u011eRENC\u0130LER) - CSServerSpace\",\"isPartOf\":{\"@id\":\"http:\/\/csserverspace.com\/#website\"},\"primaryImageOfPage\":{\"@id\":\"http:\/\/csserverspace.com\/en\/product\/autocad-temel-egitimi-autocad-temel-egitimi-ogrenciler\/#primaryimage\"},\"image\":{\"@id\":\"http:\/\/csserverspace.com\/en\/product\/autocad-temel-egitimi-autocad-temel-egitimi-ogrenciler\/#primaryimage\"},\"thumbnailUrl\":\"http:\/\/csserverspace.com\/wp-content\/uploads\/2024\/03\/AUTOCAD-Basics-Training1.png\",\"datePublished\":\"2024-03-05T13:29:48+00:00\",\"dateModified\":\"2024-03-05T13:29:49+00:00\",\"breadcrumb\":{\"@id\":\"http:\/\/csserverspace.com\/en\/product\/autocad-temel-egitimi-autocad-temel-egitimi-ogrenciler\/#breadcrumb\"},\"inLanguage\":\"en-US\",\"potentialAction\":[{\"@type\":\"ReadAction\",\"target\":[\"http:\/\/csserverspace.com\/en\/product\/autocad-temel-egitimi-autocad-temel-egitimi-ogrenciler\/\"]}]},{\"@type\":\"ImageObject\",\"inLanguage\":\"en-US\",\"@id\":\"http:\/\/csserverspace.com\/en\/product\/autocad-temel-egitimi-autocad-temel-egitimi-ogrenciler\/#primaryimage\",\"url\":\"http:\/\/csserverspace.com\/wp-content\/uploads\/2024\/03\/AUTOCAD-Basics-Training1.png\",\"contentUrl\":\"http:\/\/csserverspace.com\/wp-content\/uploads\/2024\/03\/AUTOCAD-Basics-Training1.png\",\"width\":2000,\"height\":2000},{\"@type\":\"BreadcrumbList\",\"@id\":\"http:\/\/csserverspace.com\/en\/product\/autocad-temel-egitimi-autocad-temel-egitimi-ogrenciler\/#breadcrumb\",\"itemListElement\":[{\"@type\":\"ListItem\",\"position\":1,\"name\":\"Home\",\"item\":\"http:\/\/csserverspace.com\/\"},{\"@type\":\"ListItem\",\"position\":2,\"name\":\"\u00dcR\u00dcNLER\",\"item\":\"http:\/\/csserverspace.com\/shop\/\"},{\"@type\":\"ListItem\",\"position\":3,\"name\":\"AUTOCAD TEMEL E\u011e\u0130T\u0130M\u0130 AUTOCAD TEMEL E\u011e\u0130T\u0130M\u0130 (\u00d6\u011eRENC\u0130LER)\"}]},{\"@type\":\"WebSite\",\"@id\":\"http:\/\/csserverspace.com\/#website\",\"url\":\"http:\/\/csserverspace.com\/\",\"name\":\"CSServerSpace\",\"description\":\"ConiaSoft Server Space:  Experience the confidence that comes with our reliable server solutions. Security First, Innovation Always. Delivering Peace of Mind.\",\"publisher\":{\"@id\":\"http:\/\/csserverspace.com\/#organization\"},\"potentialAction\":[{\"@type\":\"SearchAction\",\"target\":{\"@type\":\"EntryPoint\",\"urlTemplate\":\"http:\/\/csserverspace.com\/?s={search_term_string}\"},\"query-input\":{\"@type\":\"PropertyValueSpecification\",\"valueRequired\":true,\"valueName\":\"search_term_string\"}}],\"inLanguage\":\"en-US\"},{\"@type\":\"Organization\",\"@id\":\"http:\/\/csserverspace.com\/#organization\",\"name\":\"CSServerSpace\",\"url\":\"http:\/\/csserverspace.com\/\",\"logo\":{\"@type\":\"ImageObject\",\"inLanguage\":\"en-US\",\"@id\":\"http:\/\/csserverspace.com\/#\/schema\/logo\/image\/\",\"url\":\"https:\/\/csserverspace.comdemo\/wp-content\/uploads\/2021\/04\/conia-2-1.png\",\"contentUrl\":\"https:\/\/csserverspace.comdemo\/wp-content\/uploads\/2021\/04\/conia-2-1.png\",\"width\":5243,\"height\":1200,\"caption\":\"CSServerSpace\"},\"image\":{\"@id\":\"http:\/\/csserverspace.com\/#\/schema\/logo\/image\/\"}}]}<\/script>\n<!-- \/ Yoast SEO plugin. -->","yoast_head_json":{"title":"AUTOCAD TEMEL E\u011e\u0130T\u0130M\u0130 AUTOCAD TEMEL E\u011e\u0130T\u0130M\u0130 (\u00d6\u011eRENC\u0130LER) - CSServerSpace","robots":{"index":"index","follow":"follow","max-snippet":"max-snippet:-1","max-image-preview":"max-image-preview:large","max-video-preview":"max-video-preview:-1"},"canonical":"http:\/\/csserverspace.com\/en\/product\/autocad-temel-egitimi-autocad-temel-egitimi-ogrenciler\/","og_locale":"en_US","og_type":"article","og_title":"AUTOCAD TEMEL E\u011e\u0130T\u0130M\u0130 AUTOCAD TEMEL E\u011e\u0130T\u0130M\u0130 (\u00d6\u011eRENC\u0130LER) - CSServerSpace","og_url":"http:\/\/csserverspace.com\/en\/product\/autocad-temel-egitimi-autocad-temel-egitimi-ogrenciler\/","og_site_name":"CSServerSpace","article_modified_time":"2024-03-05T13:29:49+00:00","og_image":[{"width":2000,"height":2000,"url":"http:\/\/csserverspace.com\/wp-content\/uploads\/2024\/03\/AUTOCAD-Basics-Training1.png","type":"image\/png"}],"twitter_card":"summary_large_image","schema":{"@context":"https:\/\/schema.org","@graph":[{"@type":"WebPage","@id":"http:\/\/csserverspace.com\/en\/product\/autocad-temel-egitimi-autocad-temel-egitimi-ogrenciler\/","url":"http:\/\/csserverspace.com\/en\/product\/autocad-temel-egitimi-autocad-temel-egitimi-ogrenciler\/","name":"AUTOCAD TEMEL E\u011e\u0130T\u0130M\u0130 AUTOCAD TEMEL E\u011e\u0130T\u0130M\u0130 (\u00d6\u011eRENC\u0130LER) - CSServerSpace","isPartOf":{"@id":"http:\/\/csserverspace.com\/#website"},"primaryImageOfPage":{"@id":"http:\/\/csserverspace.com\/en\/product\/autocad-temel-egitimi-autocad-temel-egitimi-ogrenciler\/#primaryimage"},"image":{"@id":"http:\/\/csserverspace.com\/en\/product\/autocad-temel-egitimi-autocad-temel-egitimi-ogrenciler\/#primaryimage"},"thumbnailUrl":"http:\/\/csserverspace.com\/wp-content\/uploads\/2024\/03\/AUTOCAD-Basics-Training1.png","datePublished":"2024-03-05T13:29:48+00:00","dateModified":"2024-03-05T13:29:49+00:00","breadcrumb":{"@id":"http:\/\/csserverspace.com\/en\/product\/autocad-temel-egitimi-autocad-temel-egitimi-ogrenciler\/#breadcrumb"},"inLanguage":"en-US","potentialAction":[{"@type":"ReadAction","target":["http:\/\/csserverspace.com\/en\/product\/autocad-temel-egitimi-autocad-temel-egitimi-ogrenciler\/"]}]},{"@type":"ImageObject","inLanguage":"en-US","@id":"http:\/\/csserverspace.com\/en\/product\/autocad-temel-egitimi-autocad-temel-egitimi-ogrenciler\/#primaryimage","url":"http:\/\/csserverspace.com\/wp-content\/uploads\/2024\/03\/AUTOCAD-Basics-Training1.png","contentUrl":"http:\/\/csserverspace.com\/wp-content\/uploads\/2024\/03\/AUTOCAD-Basics-Training1.png","width":2000,"height":2000},{"@type":"BreadcrumbList","@id":"http:\/\/csserverspace.com\/en\/product\/autocad-temel-egitimi-autocad-temel-egitimi-ogrenciler\/#breadcrumb","itemListElement":[{"@type":"ListItem","position":1,"name":"Home","item":"http:\/\/csserverspace.com\/"},{"@type":"ListItem","position":2,"name":"\u00dcR\u00dcNLER","item":"http:\/\/csserverspace.com\/shop\/"},{"@type":"ListItem","position":3,"name":"AUTOCAD TEMEL E\u011e\u0130T\u0130M\u0130 AUTOCAD TEMEL E\u011e\u0130T\u0130M\u0130 (\u00d6\u011eRENC\u0130LER)"}]},{"@type":"WebSite","@id":"http:\/\/csserverspace.com\/#website","url":"http:\/\/csserverspace.com\/","name":"CSServerSpace","description":"ConiaSoft Server Space:  Experience the confidence that comes with our reliable server solutions. Security First, Innovation Always. Delivering Peace of Mind.","publisher":{"@id":"http:\/\/csserverspace.com\/#organization"},"potentialAction":[{"@type":"SearchAction","target":{"@type":"EntryPoint","urlTemplate":"http:\/\/csserverspace.com\/?s={search_term_string}"},"query-input":{"@type":"PropertyValueSpecification","valueRequired":true,"valueName":"search_term_string"}}],"inLanguage":"en-US"},{"@type":"Organization","@id":"http:\/\/csserverspace.com\/#organization","name":"CSServerSpace","url":"http:\/\/csserverspace.com\/","logo":{"@type":"ImageObject","inLanguage":"en-US","@id":"http:\/\/csserverspace.com\/#\/schema\/logo\/image\/","url":"https:\/\/csserverspace.comdemo\/wp-content\/uploads\/2021\/04\/conia-2-1.png","contentUrl":"https:\/\/csserverspace.comdemo\/wp-content\/uploads\/2021\/04\/conia-2-1.png","width":5243,"height":1200,"caption":"CSServerSpace"},"image":{"@id":"http:\/\/csserverspace.com\/#\/schema\/logo\/image\/"}}]}},"_links":{"self":[{"href":"http:\/\/csserverspace.com\/en\/wp-json\/wp\/v2\/product\/20394","targetHints":{"allow":["GET"]}}],"collection":[{"href":"http:\/\/csserverspace.com\/en\/wp-json\/wp\/v2\/product"}],"about":[{"href":"http:\/\/csserverspace.com\/en\/wp-json\/wp\/v2\/types\/product"}],"wp:featuredmedia":[{"embeddable":true,"href":"http:\/\/csserverspace.com\/en\/wp-json\/wp\/v2\/media\/20366"}],"wp:attachment":[{"href":"http:\/\/csserverspace.com\/en\/wp-json\/wp\/v2\/media?parent=20394"}],"wp:term":[{"taxonomy":"product_cat","embeddable":true,"href":"http:\/\/csserverspace.com\/en\/wp-json\/wp\/v2\/product_cat?post=20394"},{"taxonomy":"product_tag","embeddable":true,"href":"http:\/\/csserverspace.com\/en\/wp-json\/wp\/v2\/product_tag?post=20394"}],"curies":[{"name":"wp","href":"https:\/\/api.w.org\/{rel}","templated":true}]}}